{"id":8,"date":"2017-01-05T16:21:57","date_gmt":"2017-01-05T16:21:57","guid":{"rendered":"http:\/\/buntesherzmusik.de\/?page_id=8"},"modified":"2024-05-02T13:29:44","modified_gmt":"2024-05-02T11:29:44","slug":"info","status":"publish","type":"page","link":"https:\/\/buntesherzmusik.de\/","title":{"rendered":"Startseite"},"content":{"rendered":"<div id=\"id_586e72fabf3fd0d86059019\" class=\"text_exposed_root text_exposed\">\n<p>Wenn vier Musiker aus Syrien, Iran sowie dem Irak und f\u00fcnf deutsche Musiker aufeinander treffen, um gemeinsam zu musizieren, dann klingt das ganz sch\u00f6n bunt.\u00a0 Bunt ist die Mischung aus kurdischer und arabischer Folklore gemischt mit &#8222;westlich&#8220; gepr\u00e4gtem Rock, die Musikherzen h\u00f6her schlagen l\u00e4sst. Kurz: Buntes Herz.<\/p>\n<p>Buntes Herz besteht aus:<\/p>\n<ul>\n<li>Bassam Mahmood | Saz, Gesang &#8211; Al Shekhan, Irak (Kurdistan)<\/li>\n<li>Jan Issa |\u00a0 Saz, Gesang &#8211; Qamishli, Syrien (Kurdistan)<\/li>\n<li>Yanal Taher | Gesang, Koban\u00ea, Syrien (Kurdistan)<\/li>\n<li>Sebastian Schumacher | Gitarre, Saxophon, Trompete &#8211; Engelskirchen, Deutschland<\/li>\n<li>Alex Sch\u00fcller | Gitarre &#8211; K\u00f6ln, Deutschland<\/li>\n<li>Janus Fr\u00f6hlich | Percussion &#8211; K\u00f6ln, Deutschland<\/li>\n<li>Kiu | Darbuka &#8211; Iran<\/li>\n<li>Leon J\u00fclicher | Drums &#8211; R\u00f6srath, Deutschland<\/li>\n<li>Manuel Flinti | Bass &#8211; K\u00f6ln, Deutschland<\/li>\n<\/ul>\n<p>Angelehnt auch an eine Initiative des Dreik\u00f6nigsgymnasium<span class=\"text_exposed_show\">s namens &#8222;Buntes Herz&#8220;, welche eine Kooperation mit gefl\u00fcchteten Menschen in K\u00f6ln-Ehrenfeld eingegangen ist.<br \/>Am Vorabend eines Festivals zugunsten dieser Initiative lernten sich die Musiker bei der Generalprobe kennen und schnell entschloss man sich, weiter gemeinsam zu musizieren.<\/span><\/p>\n<p>Seitdem werden neue Kl\u00e4nge produziert, die einen musikalischen Gaumenschmaus f\u00fcr aufgeweckte Ohren bereiten.<\/p>\n<p>Daneben m\u00f6chte die Band zu gelebter Integration, Verst\u00e4ndigung und Offenheit unter den Menschen anregen, indem sie dies in Form ihrer musikalischen Bandbreite widerspiegelt.<\/p>\n<p>&#8222;Nehmen uns die Angst, geben uns die Hand. Zeig&#8216; Dein Buntes Herz!&#8220;<\/p>\n<\/div>\n\n\n<figure class=\"wp-block-image is-resized\"><img loading=\"lazy\" decoding=\"async\" src=\"https:\/\/buntesherzmusik.de\/wp-content\/uploads\/2019\/05\/Kulturamt-Logo-1.jpg\" alt=\"\" class=\"wp-image-317\" width=\"156\" height=\"53\" srcset=\"https:\/\/buntesherzmusik.de\/wp-content\/uploads\/2019\/05\/Kulturamt-Logo-1.jpg 640w, https:\/\/buntesherzmusik.de\/wp-content\/uploads\/2019\/05\/Kulturamt-Logo-1-300x103.jpg 300w\" sizes=\"auto, (max-width: 156px) 100vw, 156px\" \/><figcaption class=\"wp-element-caption\">mit freundlicher F\u00f6rderung des Kulturamtes der Stadt K\u00f6ln<\/figcaption><\/figure>\n","protected":false},"excerpt":{"rendered":"<p>Wenn vier Musiker aus Syrien, Iran sowie dem Irak und f\u00fcnf deutsche Musiker aufeinander treffen, um gemeinsam zu musizieren, dann klingt das ganz sch\u00f6n bunt.\u00a0 Bunt ist die Mischung aus kurdischer und arabischer Folklore gemischt mit &#8222;westlich&#8220; gepr\u00e4gtem Rock, die Musikherzen h\u00f6her schlagen l\u00e4sst. Kurz: Buntes Herz. Buntes Herz besteht aus: Bassam Mahmood | Saz, &hellip; <\/p>\n<p class=\"link-more\"><a href=\"https:\/\/buntesherzmusik.de\/\" class=\"more-link\"><span class=\"screen-reader-text\">\u201eStartseite\u201c <\/span>weiterlesen<\/a><\/p>\n","protected":false},"author":1,"featured_media":0,"parent":0,"menu_order":0,"comment_status":"closed","ping_status":"closed","template":"","meta":{"footnotes":""},"class_list":["post-8","page","type-page","status-publish","hentry"],"_links":{"self":[{"href":"https:\/\/buntesherzmusik.de\/index.php?rest_route=\/wp\/v2\/pages\/8","targetHints":{"allow":["GET"]}}],"collection":[{"href":"https:\/\/buntesherzmusik.de\/index.php?rest_route=\/wp\/v2\/pages"}],"about":[{"href":"https:\/\/buntesherzmusik.de\/index.php?rest_route=\/wp\/v2\/types\/page"}],"author":[{"embeddable":true,"href":"https:\/\/buntesherzmusik.de\/index.php?rest_route=\/wp\/v2\/users\/1"}],"replies":[{"embeddable":true,"href":"https:\/\/buntesherzmusik.de\/index.php?rest_route=%2Fwp%2Fv2%2Fcomments&post=8"}],"version-history":[{"count":21,"href":"https:\/\/buntesherzmusik.de\/index.php?rest_route=\/wp\/v2\/pages\/8\/revisions"}],"predecessor-version":[{"id":414,"href":"https:\/\/buntesherzmusik.de\/index.php?rest_route=\/wp\/v2\/pages\/8\/revisions\/414"}],"wp:attachment":[{"href":"https:\/\/buntesherzmusik.de\/index.php?rest_route=%2Fwp%2Fv2%2Fmedia&parent=8"}],"curies":[{"name":"wp","href":"https:\/\/api.w.org\/{rel}","templated":true}]}}